{"id":3327077,"date":"2024-03-11T13:37:38","date_gmt":"2024-03-11T12:37:38","guid":{"rendered":"https:\/\/skydd.net\/sustainable-development-goals\/"},"modified":"2025-10-30T10:24:05","modified_gmt":"2025-10-30T09:24:05","slug":"sustainable-development-goals","status":"publish","type":"page","link":"https:\/\/skydd.net\/en\/about-us\/sustainability\/sustainable-development-goals\/","title":{"rendered":"Sustainable Development Goals"},"content":{"rendered":"<p>[et_pb_section fb_built=&#8221;1&#8243; custom_padding_last_edited=&#8221;on|phone&#8221; admin_label=&#8221;Hero&#8221; _builder_version=&#8221;4.27.4&#8243; _module_preset=&#8221;dcffbe7c-d829-4b92-9e28-730b66b1c6df&#8221; background_image=&#8221;https:\/\/skydd.net\/wp-content\/uploads\/2024\/03\/Globala-malen_1920x700.jpg&#8221; custom_margin_tablet=&#8221;&#8221; custom_margin_phone=&#8221;&#8221; custom_margin_last_edited=&#8221;on|phone&#8221; custom_padding_tablet=&#8221;&#8221; custom_padding_phone=&#8221;&#8221; global_colors_info=&#8221;{}&#8221;][et_pb_row _builder_version=&#8221;4.27.4&#8243; _module_preset=&#8221;b47dc7b0-0c21-48f4-9be5-365125495c37&#8243; custom_margin_tablet=&#8221;&#8221; custom_margin_phone=&#8221;&#8221; custom_margin_last_edited=&#8221;on|phone&#8221; global_colors_info=&#8221;%91%93&#8243;][et_pb_column type=&#8221;4_4&#8243; _builder_version=&#8221;4.24.0&#8243; _module_preset=&#8221;default&#8221; custom_padding=&#8221;10%||40px||false|false&#8221; custom_padding_tablet=&#8221;0%|5%|30px|5%|false|true&#8221; custom_padding_phone=&#8221;||26px||false|true&#8221; custom_padding_last_edited=&#8221;on|phone&#8221; global_colors_info=&#8221;{}&#8221;][et_pb_cta title=&#8221;Sustainable Development Goals&#8221; button_url=&#8221;#&#8221; _builder_version=&#8221;4.27.4&#8243; _module_preset=&#8221;d04ae360-bdc1-4d53-8348-0c325ea823df&#8221; global_colors_info=&#8221;{}&#8221;][\/et_pb_cta][\/et_pb_column][\/et_pb_row][\/et_pb_section][et_pb_section fb_built=&#8221;1&#8243; admin_label=&#8221;Text 50\/50&#8243; _builder_version=&#8221;4.27.4&#8243; _module_preset=&#8221;34b06a86-dc81-4983-919e-0fd7f286eb1b&#8221; hover_enabled=&#8221;0&#8243; global_colors_info=&#8221;{%22gcid-pakb8aht-i5iv-ywfh-tbey-rejtmt2hf9pe%22:%91%22background_color%22%93}&#8221; background_color=&#8221;gcid-pakb8aht-i5iv-ywfh-tbey-rejtmt2hf9pe&#8221; background_enable_color=&#8221;on&#8221; sticky_enabled=&#8221;0&#8243;][et_pb_row custom_padding_last_edited=&#8221;on|desktop&#8221; _builder_version=&#8221;4.27.4&#8243; _module_preset=&#8221;_initial&#8221; custom_padding_tablet=&#8221;||||false|false&#8221; custom_padding_phone=&#8221;||||false|false&#8221; locked=&#8221;off&#8221; global_colors_info=&#8221;%91%93&#8243; column_structure=&#8221;1_2,1_2&#8243;][et_pb_column type=&#8221;1_2&#8243; _builder_version=&#8221;4.24.0&#8243; _module_preset=&#8221;default&#8221; global_colors_info=&#8221;{}&#8221;][et_pb_text _builder_version=&#8221;4.27.4&#8243; _module_preset=&#8221;default&#8221; hover_enabled=&#8221;0&#8243; global_colors_info=&#8221;%91%93&#8243; sticky_enabled=&#8221;0&#8243;]<\/p>\n<p>The Sustainable Development Goals are the most ambitious sustainable development agenda ever adopted by the world&#8217;s countries and are designed to achieve four great things by 2030: ending extreme poverty. To reduce inequalities and injustices in the world. To promote peace and justice. Solving the climate crisis.<\/p>\n<p>[\/et_pb_text][\/et_pb_column][et_pb_column type=&#8221;1_2&#8243; _builder_version=&#8221;4.24.0&#8243; _module_preset=&#8221;default&#8221; global_colors_info=&#8221;{}&#8221;][et_pb_text _builder_version=&#8221;4.27.4&#8243; _module_preset=&#8221;default&#8221; hover_enabled=&#8221;0&#8243; global_colors_info=&#8221;%91%93&#8243; sticky_enabled=&#8221;0&#8243;]<\/p>\n<p>The Sustainable Development Goals can make this a reality. Mussum Ipsum, cacilds vidis litro abertis. Suco de cevadiss deixa as pessoas mais interessantis.Vehicula non. Ut sed ex eros. Vivamus sit amet nibh non tellus tristique interdum.A ordem dos tratores n\u00e3o altera o p\u00e3o duris.N\u00e3o sou faixa preta cumpadi, sou preto inteiris, inteiris.   <\/p>\n<p>[\/et_pb_text][\/et_pb_column][\/et_pb_row][\/et_pb_section][et_pb_section fb_built=&#8221;1&#8243; custom_padding_last_edited=&#8221;off|desktop&#8221; admin_label=&#8221;Bild 1\/2 + Text 1\/2&#8243; _builder_version=&#8221;4.27.4&#8243; _module_preset=&#8221;90f7fcc8-011e-4540-8598-a12e53a29ab5&#8243; global_colors_info=&#8221;{}&#8221;][et_pb_row column_structure=&#8221;1_2,1_2&#8243; _builder_version=&#8221;4.27.4&#8243; _module_preset=&#8221;a99cec97-d4de-45a0-bc89-e97b6a72ba26&#8243; global_colors_info=&#8221;%91%93&#8243;][et_pb_column type=&#8221;1_2&#8243; _builder_version=&#8221;4.23.4&#8243; _module_preset=&#8221;default&#8221; global_colors_info=&#8221;{}&#8221;][et_pb_image src=&#8221;https:\/\/placehold.co\/1080&#215;540&#8243; _builder_version=&#8221;4.27.4&#8243; _module_preset=&#8221;default&#8221; global_colors_info=&#8221;%91%93&#8243;][\/et_pb_image][\/et_pb_column][et_pb_column type=&#8221;1_2&#8243; _builder_version=&#8221;4.23.4&#8243; _module_preset=&#8221;default&#8221; global_colors_info=&#8221;{}&#8221;][et_pb_cta title=&#8221;Lorem ipsum dolor&#8221; button_url=&#8221;#&#8221; button_text=&#8221;Read more&#8221; _builder_version=&#8221;4.27.4&#8243; _module_preset=&#8221;_initial&#8221; button_border_width=&#8221;0px&#8221; button_custom_padding_tablet=&#8221;&#8221; button_custom_padding_phone=&#8221;&#8221; button_custom_padding_last_edited=&#8221;on|desktop&#8221; hover_enabled=&#8221;0&#8243; global_colors_info=&#8221;{%22gcid-7sauvy59-7n93-kzpb-hk6v-sop20l6og0pe%22:%91%22button_bg_color%22,%22button_border_color%22%93,%22gcid-qd02mvnl-rjfk-uaoz-e20p-192u5ftnybzm%22:%91%22button_text_color__hover%22,%22button_icon_color%22,%22button_text_color__hover%22,%22button_icon_color%22,%22button_text_color__hover%22,%22button_icon_color%22%93,%22gcid-157f576f-415f-4d64-bdc7-c64d33ccfd79%22:%91%22button_bg_color__hover%22,%22button_border_color__hover%22,%22button_bg_color__hover%22,%22button_border_color__hover%22,%22button_bg_color__hover%22,%22button_border_color__hover%22%93}&#8221; sticky_enabled=&#8221;0&#8243;]<\/p>\n<p>Ut wisi enim ad minim veniam, quis nostrud exerci tation ullamcorper suscipit lobortis nisl ut aliquip ex ea commodo consequat. Duis autem vel eum iriure dolor in hendrerit in vulputate velit esse molestie consequat.<\/p>\n<p>[\/et_pb_cta][\/et_pb_column][\/et_pb_row][et_pb_row column_structure=&#8221;1_2,1_2&#8243; _builder_version=&#8221;4.27.4&#8243; _module_preset=&#8221;4d06a7ca-0fe0-47a5-aa51-49c201704d65&#8243; global_colors_info=&#8221;%91%93&#8243;][et_pb_column type=&#8221;1_2&#8243; _builder_version=&#8221;4.23.4&#8243; _module_preset=&#8221;default&#8221; global_colors_info=&#8221;{}&#8221;][et_pb_cta title=&#8221;Lorem ipsum dolor&#8221; button_url=&#8221;#&#8221; button_text=&#8221;Read more&#8221; _builder_version=&#8221;4.27.4&#8243; _module_preset=&#8221;_initial&#8221; button_border_width=&#8221;0px&#8221; button_custom_padding_tablet=&#8221;&#8221; button_custom_padding_phone=&#8221;&#8221; button_custom_padding_last_edited=&#8221;on|desktop&#8221; locked=&#8221;off&#8221; global_colors_info=&#8221;{%22gcid-7sauvy59-7n93-kzpb-hk6v-sop20l6og0pe%22:%91%22button_bg_color%22,%22button_border_color%22%93,%22gcid-qd02mvnl-rjfk-uaoz-e20p-192u5ftnybzm%22:%91%22button_text_color__hover%22,%22button_icon_color%22,%22button_text_color__hover%22,%22button_icon_color%22,%22button_text_color__hover%22,%22button_icon_color%22%93,%22gcid-157f576f-415f-4d64-bdc7-c64d33ccfd79%22:%91%22button_bg_color__hover%22,%22button_border_color__hover%22,%22button_bg_color__hover%22,%22button_border_color__hover%22,%22button_bg_color__hover%22,%22button_border_color__hover%22%93}&#8221;]<\/p>\n<p>Image will be displayed on top in mobile devices. Ut wisi enim ad minim veniam, quis nostrud exerci tation ullamcorper suscipit lobortis nisl ut aliquip ex ea commodo consequat. Duis autem vel eum iriure dolor in hendrerit in vulputate velit esse molestie consequat.<\/p>\n<p>[\/et_pb_cta][\/et_pb_column][et_pb_column type=&#8221;1_2&#8243; _builder_version=&#8221;4.23.4&#8243; _module_preset=&#8221;default&#8221; global_colors_info=&#8221;{}&#8221;][et_pb_image src=&#8221;https:\/\/placehold.co\/1080&#215;540&#8243; module_class=&#8221;dt-zoom-in&#8221; _builder_version=&#8221;4.24.2&#8243; _module_preset=&#8221;2ce263a2-60b5-487d-98c5-54277b4732b6&#8243; global_colors_info=&#8221;%91%93&#8243;][\/et_pb_image][\/et_pb_column][\/et_pb_row][et_pb_row column_structure=&#8221;1_2,1_2&#8243; _builder_version=&#8221;4.27.4&#8243; _module_preset=&#8221;a99cec97-d4de-45a0-bc89-e97b6a72ba26&#8243; global_colors_info=&#8221;%91%93&#8243;][et_pb_column type=&#8221;1_2&#8243; _builder_version=&#8221;4.23.4&#8243; _module_preset=&#8221;default&#8221; global_colors_info=&#8221;{}&#8221;][et_pb_image src=&#8221;https:\/\/placehold.co\/1080&#215;540&#8243; _builder_version=&#8221;4.27.4&#8243; _module_preset=&#8221;default&#8221; global_colors_info=&#8221;%91%93&#8243;][\/et_pb_image][\/et_pb_column][et_pb_column type=&#8221;1_2&#8243; _builder_version=&#8221;4.23.4&#8243; _module_preset=&#8221;default&#8221; global_colors_info=&#8221;{}&#8221;][et_pb_cta title=&#8221;Lorem ipsum dolor&#8221; button_url=&#8221;#&#8221; button_text=&#8221;Read more&#8221; _builder_version=&#8221;4.27.4&#8243; _module_preset=&#8221;_initial&#8221; button_border_width=&#8221;0px&#8221; button_custom_padding_tablet=&#8221;&#8221; button_custom_padding_phone=&#8221;&#8221; button_custom_padding_last_edited=&#8221;on|desktop&#8221; hover_enabled=&#8221;0&#8243; global_colors_info=&#8221;{%22gcid-7sauvy59-7n93-kzpb-hk6v-sop20l6og0pe%22:%91%22button_bg_color%22,%22button_border_color%22%93,%22gcid-qd02mvnl-rjfk-uaoz-e20p-192u5ftnybzm%22:%91%22button_text_color__hover%22,%22button_icon_color%22,%22button_text_color__hover%22,%22button_icon_color%22,%22button_text_color__hover%22,%22button_icon_color%22%93,%22gcid-157f576f-415f-4d64-bdc7-c64d33ccfd79%22:%91%22button_bg_color__hover%22,%22button_border_color__hover%22,%22button_bg_color__hover%22,%22button_border_color__hover%22,%22button_bg_color__hover%22,%22button_border_color__hover%22%93}&#8221; sticky_enabled=&#8221;0&#8243;]<\/p>\n<p>Ut wisi enim ad minim veniam, quis nostrud exerci tation ullamcorper suscipit lobortis nisl ut aliquip ex ea commodo consequat. Duis autem vel eum iriure dolor in hendrerit in vulputate velit esse molestie consequat.<\/p>\n<p>[\/et_pb_cta][\/et_pb_column][\/et_pb_row][et_pb_row column_structure=&#8221;1_2,1_2&#8243; _builder_version=&#8221;4.27.4&#8243; _module_preset=&#8221;4d06a7ca-0fe0-47a5-aa51-49c201704d65&#8243; global_colors_info=&#8221;%91%93&#8243;][et_pb_column type=&#8221;1_2&#8243; _builder_version=&#8221;4.23.4&#8243; _module_preset=&#8221;default&#8221; global_colors_info=&#8221;{}&#8221;][et_pb_cta title=&#8221;Lorem ipsum dolor&#8221; button_url=&#8221;#&#8221; button_text=&#8221;Read more&#8221; _builder_version=&#8221;4.27.4&#8243; _module_preset=&#8221;_initial&#8221; button_border_width=&#8221;0px&#8221; button_custom_padding_tablet=&#8221;&#8221; button_custom_padding_phone=&#8221;&#8221; button_custom_padding_last_edited=&#8221;on|desktop&#8221; locked=&#8221;off&#8221; global_colors_info=&#8221;{%22gcid-7sauvy59-7n93-kzpb-hk6v-sop20l6og0pe%22:%91%22button_bg_color%22,%22button_border_color%22%93,%22gcid-qd02mvnl-rjfk-uaoz-e20p-192u5ftnybzm%22:%91%22button_text_color__hover%22,%22button_icon_color%22,%22button_text_color__hover%22,%22button_icon_color%22,%22button_text_color__hover%22,%22button_icon_color%22%93,%22gcid-157f576f-415f-4d64-bdc7-c64d33ccfd79%22:%91%22button_bg_color__hover%22,%22button_border_color__hover%22,%22button_bg_color__hover%22,%22button_border_color__hover%22,%22button_bg_color__hover%22,%22button_border_color__hover%22%93}&#8221;]<\/p>\n<p>Image will be displayed on top in mobile devices. Ut wisi enim ad minim veniam, quis nostrud exerci tation ullamcorper suscipit lobortis nisl ut aliquip ex ea commodo consequat. Duis autem vel eum iriure dolor in hendrerit in vulputate velit esse molestie consequat.<\/p>\n<p>[\/et_pb_cta][\/et_pb_column][et_pb_column type=&#8221;1_2&#8243; _builder_version=&#8221;4.23.4&#8243; _module_preset=&#8221;default&#8221; global_colors_info=&#8221;{}&#8221;][et_pb_image src=&#8221;https:\/\/placehold.co\/1080&#215;540&#8243; module_class=&#8221;dt-zoom-in&#8221; _builder_version=&#8221;4.24.2&#8243; _module_preset=&#8221;2ce263a2-60b5-487d-98c5-54277b4732b6&#8243; global_colors_info=&#8221;%91%93&#8243;][\/et_pb_image][\/et_pb_column][\/et_pb_row][\/et_pb_section][et_pb_section fb_built=&#8221;1&#8243; _builder_version=&#8221;4.27.4&#8243; _module_preset=&#8221;1475dc87-2c8a-4991-8907-1d4a20f96c75&#8243; global_colors_info=&#8221;{}&#8221;][et_pb_row _builder_version=&#8221;4.27.4&#8243; _module_preset=&#8221;default&#8221; global_colors_info=&#8221;{}&#8221;][et_pb_column type=&#8221;4_4&#8243; _builder_version=&#8221;4.27.4&#8243; _module_preset=&#8221;default&#8221; global_colors_info=&#8221;{}&#8221;][et_pb_cta title=&#8221;Would you like to know more?&#8221; button_url=&#8221;https:\/\/stockholmsmassan.se\/hallbarhet\/&#8221; button_text=&#8221;More on sustainability&#8221; _builder_version=&#8221;4.27.4&#8243; _module_preset=&#8221;790a5a98-a8ae-4664-9be6-f0d3f55d6a19&#8243; hover_enabled=&#8221;0&#8243; global_colors_info=&#8221;{}&#8221; sticky_enabled=&#8221;0&#8243; url_new_window=&#8221;on&#8221;]<\/p>\n<p>Sustainability is about taking into account the needs of both current and future generations, and taking long-term responsibility in our daily activities. Stockholmsm\u00e4ssan&#8217;s sustainability work is based on three focus areas: Sustainable Community, Sustainable Environment and Sustainable Innovation.<\/p>\n<p>[\/et_pb_cta][\/et_pb_column][\/et_pb_row][\/et_pb_section]<\/p>\n","protected":false},"excerpt":{"rendered":"<p>The Sustainable Development Goals are the most ambitious sustainable development agenda ever adopted by the world&#8217;s countries and are designed to achieve four great things by 2030: ending extreme poverty. [&hellip;]<\/p>\n","protected":false},"author":1,"featured_media":3335734,"parent":3327086,"menu_order":0,"comment_status":"closed","ping_status":"closed","template":"","meta":{"_et_pb_use_builder":"on","_et_pb_old_content":"","_et_gb_content_width":"","footnotes":""},"hf_cat_page":[],"class_list":["post-3327077","page","type-page","status-publish","has-post-thumbnail","hentry"],"_links":{"self":[{"href":"https:\/\/skydd.net\/en\/wp-json\/wp\/v2\/pages\/3327077","targetHints":{"allow":["GET"]}}],"collection":[{"href":"https:\/\/skydd.net\/en\/wp-json\/wp\/v2\/pages"}],"about":[{"href":"https:\/\/skydd.net\/en\/wp-json\/wp\/v2\/types\/page"}],"author":[{"embeddable":true,"href":"https:\/\/skydd.net\/en\/wp-json\/wp\/v2\/users\/1"}],"replies":[{"embeddable":true,"href":"https:\/\/skydd.net\/en\/wp-json\/wp\/v2\/comments?post=3327077"}],"version-history":[{"count":0,"href":"https:\/\/skydd.net\/en\/wp-json\/wp\/v2\/pages\/3327077\/revisions"}],"up":[{"embeddable":true,"href":"https:\/\/skydd.net\/en\/wp-json\/wp\/v2\/pages\/3327086"}],"wp:featuredmedia":[{"embeddable":true,"href":"https:\/\/skydd.net\/en\/wp-json\/wp\/v2\/media\/3335734"}],"wp:attachment":[{"href":"https:\/\/skydd.net\/en\/wp-json\/wp\/v2\/media?parent=3327077"}],"wp:term":[{"taxonomy":"hf_cat_page","embeddable":true,"href":"https:\/\/skydd.net\/en\/wp-json\/wp\/v2\/hf_cat_page?post=3327077"}],"curies":[{"name":"wp","href":"https:\/\/api.w.org\/{rel}","templated":true}]}}