{"id":3327086,"date":"2024-03-26T10:17:54","date_gmt":"2024-03-26T09:17:54","guid":{"rendered":"https:\/\/skydd.net\/sustainability\/"},"modified":"2026-03-06T11:23:54","modified_gmt":"2026-03-06T10:23:54","slug":"sustainability","status":"publish","type":"page","link":"https:\/\/skydd.net\/en\/about-us\/sustainability\/","title":{"rendered":"Sustainability"},"content":{"rendered":"<p>[et_pb_section fb_built=&#8221;1&#8243; custom_padding_last_edited=&#8221;on|phone&#8221; admin_label=&#8221;Hero&#8221; _builder_version=&#8221;4.27.5&#8243; _module_preset=&#8221;dcffbe7c-d829-4b92-9e28-730b66b1c6df&#8221; background_color_gradient_stops=&#8221;rgba(0,0,0,0) 40%|#000000 100%&#8221; background_image=&#8221;https:\/\/skydd.net\/wp-content\/uploads\/2026\/02\/Hallbarhet_iStock-1442264728_1920x180.webp&#8221; custom_margin_tablet=&#8221;&#8221; custom_margin_phone=&#8221;&#8221; custom_margin_last_edited=&#8221;on|phone&#8221; custom_padding_tablet=&#8221;&#8221; custom_padding_phone=&#8221;&#8221; global_colors_info=&#8221;{}&#8221; custom_days_label_text=&#8221;Dagar&#8221; custom_hours_label_text=&#8221;Timmar&#8221; custom_minutes_label_text=&#8221;Minuter&#8221; custom_seconds_label_text=&#8221;Sekunder&#8221;][et_pb_row _builder_version=&#8221;4.27.4&#8243; _module_preset=&#8221;b47dc7b0-0c21-48f4-9be5-365125495c37&#8243; custom_margin_tablet=&#8221;&#8221; custom_margin_phone=&#8221;&#8221; custom_margin_last_edited=&#8221;on|phone&#8221; global_colors_info=&#8221;%91%93&#8243; custom_days_label_text=&#8221;Dagar&#8221; custom_hours_label_text=&#8221;Timmar&#8221; custom_minutes_label_text=&#8221;Minuter&#8221; custom_seconds_label_text=&#8221;Sekunder&#8221;][et_pb_column type=&#8221;4_4&#8243; _builder_version=&#8221;4.24.0&#8243; _module_preset=&#8221;default&#8221; custom_padding=&#8221;10%||40px||false|false&#8221; custom_padding_tablet=&#8221;0%|5%|30px|5%|false|true&#8221; custom_padding_phone=&#8221;||26px||false|true&#8221; custom_padding_last_edited=&#8221;on|phone&#8221; global_colors_info=&#8221;{}&#8221; custom_days_label_text=&#8221;Dagar&#8221; custom_hours_label_text=&#8221;Timmar&#8221; custom_minutes_label_text=&#8221;Minuter&#8221; custom_seconds_label_text=&#8221;Sekunder&#8221;][et_pb_cta title=&#8221;Sustainability at SKYDD&#8221; button_url=&#8221;#&#8221; _builder_version=&#8221;4.27.5&#8243; _module_preset=&#8221;d04ae360-bdc1-4d53-8348-0c325ea823df&#8221; global_colors_info=&#8221;{}&#8221; custom_days_label_text=&#8221;Dagar&#8221; custom_hours_label_text=&#8221;Timmar&#8221; custom_minutes_label_text=&#8221;Minuter&#8221; custom_seconds_label_text=&#8221;Sekunder&#8221;][\/et_pb_cta][\/et_pb_column][\/et_pb_row][\/et_pb_section][et_pb_section fb_built=&#8221;1&#8243; admin_label=&#8221;Text 50\/50&#8243; _builder_version=&#8221;4.27.5&#8243; _module_preset=&#8221;34b06a86-dc81-4983-919e-0fd7f286eb1b&#8221; background_color=&#8221;#FFFFFF&#8221; background_enable_color=&#8221;on&#8221; global_colors_info=&#8221;{%22gcid-pakb8aht-i5iv-ywfh-tbey-rejtmt2hf9pe%22:%91%22background_color%22%93}&#8221; custom_days_label_text=&#8221;Dagar&#8221; custom_hours_label_text=&#8221;Timmar&#8221; custom_minutes_label_text=&#8221;Minuter&#8221; custom_seconds_label_text=&#8221;Sekunder&#8221;][et_pb_row custom_padding_last_edited=&#8221;on|desktop&#8221; _builder_version=&#8221;4.27.4&#8243; _module_preset=&#8221;default&#8221; custom_margin=&#8221;||||false|false&#8221; custom_padding=&#8221;||0px||false|false&#8221; custom_padding_tablet=&#8221;||||false|false&#8221; custom_padding_phone=&#8221;||0px||false|false&#8221; locked=&#8221;off&#8221; global_colors_info=&#8221;%91%93&#8243; custom_days_label_text=&#8221;Dagar&#8221; custom_hours_label_text=&#8221;Timmar&#8221; custom_minutes_label_text=&#8221;Minuter&#8221; custom_seconds_label_text=&#8221;Sekunder&#8221;][et_pb_column type=&#8221;4_4&#8243; _builder_version=&#8221;4.23.4&#8243; _module_preset=&#8221;default&#8221; global_colors_info=&#8221;{}&#8221; custom_days_label_text=&#8221;Dagar&#8221; custom_hours_label_text=&#8221;Timmar&#8221; custom_minutes_label_text=&#8221;Minuter&#8221; custom_seconds_label_text=&#8221;Sekunder&#8221;][et_pb_text _builder_version=&#8221;4.27.5&#8243; _module_preset=&#8221;d2de1bb5-7871-475a-a7ce-cf892236863b&#8221; global_colors_info=&#8221;%91%93&#8243; custom_days_label_text=&#8221;Dagar&#8221; custom_hours_label_text=&#8221;Timmar&#8221; custom_minutes_label_text=&#8221;Minuter&#8221; custom_seconds_label_text=&#8221;Sekunder&#8221;]<\/p>\n<h2>Sustainability as part of SKYDD<\/h2>\n<p>[\/et_pb_text][et_pb_divider _builder_version=&#8221;4.27.4&#8243; _module_preset=&#8221;default&#8221; global_colors_info=&#8221;{}&#8221; custom_days_label_text=&#8221;Dagar&#8221; custom_hours_label_text=&#8221;Timmar&#8221; custom_minutes_label_text=&#8221;Minuter&#8221; custom_seconds_label_text=&#8221;Sekunder&#8221;][\/et_pb_divider][et_pb_text _builder_version=&#8221;4.27.5&#8243; _module_preset=&#8221;default&#8221; global_colors_info=&#8221;{}&#8221; custom_days_label_text=&#8221;Dagar&#8221; custom_hours_label_text=&#8221;Timmar&#8221; custom_minutes_label_text=&#8221;Minuter&#8221; custom_seconds_label_text=&#8221;Sekunder&#8221;]<\/p>\n<p>Sustainability is an integral part of how SKYDD is planned and delivered. As the Nordic region\u2019s leading security trade fair, we have the opportunity to make an impact \u2013 by addressing key issues, fostering dialogue and contributing to the development of the security industry. <\/p>\n<p>Our work is based on established sustainability principles and forms part of Stockholmsm\u00e4ssan\u2019s sustainability strategy.<\/p>\n<p>[\/et_pb_text][\/et_pb_column][\/et_pb_row][\/et_pb_section][et_pb_section fb_built=&#8221;1&#8243; custom_padding_last_edited=&#8221;off|desktop&#8221; admin_label=&#8221;Bild 1\/2 + Text 1\/2&#8243; _builder_version=&#8221;4.27.5&#8243; _module_preset=&#8221;90f7fcc8-011e-4540-8598-a12e53a29ab5&#8243; background_color=&#8221;gcid-pakb8aht-i5iv-ywfh-tbey-rejtmt2hf9pe&#8221; global_colors_info=&#8221;{%22gcid-zqmeyyr1-ozjs-tdol-t9th-kdmdqxufunhr%22:%91%22border_color_right%22%93,%22gcid-pakb8aht-i5iv-ywfh-tbey-rejtmt2hf9pe%22:%91%22background_color%22%93}&#8221; custom_days_label_text=&#8221;Dagar&#8221; custom_hours_label_text=&#8221;Timmar&#8221; custom_minutes_label_text=&#8221;Minuter&#8221; custom_seconds_label_text=&#8221;Sekunder&#8221;][et_pb_row column_structure=&#8221;1_2,1_2&#8243; _builder_version=&#8221;4.27.4&#8243; _module_preset=&#8221;a99cec97-d4de-45a0-bc89-e97b6a72ba26&#8243; global_colors_info=&#8221;%91%93&#8243; custom_days_label_text=&#8221;Dagar&#8221; custom_hours_label_text=&#8221;Timmar&#8221; custom_minutes_label_text=&#8221;Minuter&#8221; custom_seconds_label_text=&#8221;Sekunder&#8221;][et_pb_column type=&#8221;1_2&#8243; _builder_version=&#8221;4.23.4&#8243; _module_preset=&#8221;default&#8221; global_colors_info=&#8221;{}&#8221; custom_days_label_text=&#8221;Dagar&#8221; custom_hours_label_text=&#8221;Timmar&#8221; custom_minutes_label_text=&#8221;Minuter&#8221; custom_seconds_label_text=&#8221;Sekunder&#8221;][et_pb_image src=&#8221;https:\/\/skydd.net\/wp-content\/uploads\/2026\/02\/globala-malen-nr-5.webp&#8221; alt=&#8221;Sustainability at SKYDD: Sustainable Development Goal 5 \u2013 Gender equality, shown with a white gender equality symbol on a red background.&#8221; title_text=&#8221;globala-malen-nr-5&#8243; module_class=&#8221;dt-zoom-in&#8221; _builder_version=&#8221;4.27.5&#8243; _module_preset=&#8221;2ce263a2-60b5-487d-98c5-54277b4732b6&#8243; global_colors_info=&#8221;%91%93&#8243; custom_days_label_text=&#8221;Dagar&#8221; custom_hours_label_text=&#8221;Timmar&#8221; custom_minutes_label_text=&#8221;Minuter&#8221; custom_seconds_label_text=&#8221;Sekunder&#8221;][\/et_pb_image][\/et_pb_column][et_pb_column type=&#8221;1_2&#8243; _builder_version=&#8221;4.23.4&#8243; _module_preset=&#8221;default&#8221; global_colors_info=&#8221;{}&#8221; custom_days_label_text=&#8221;Dagar&#8221; custom_hours_label_text=&#8221;Timmar&#8221; custom_minutes_label_text=&#8221;Minuter&#8221; custom_seconds_label_text=&#8221;Sekunder&#8221;][et_pb_cta title=&#8221;SKYDD and Agenda 2030&#8243; button_url=&#8221;https:\/\/globalamalen.se\/om-globala-malen\/&#8221; url_new_window=&#8221;on&#8221; button_text=&#8221;Learn more about the Sustainable Development Goals&#8221; _builder_version=&#8221;4.27.5&#8243; _module_preset=&#8221;_initial&#8221; button_border_width=&#8221;0px&#8221; button_custom_padding_tablet=&#8221;&#8221; button_custom_padding_phone=&#8221;&#8221; button_custom_padding_last_edited=&#8221;on|desktop&#8221; locked=&#8221;off&#8221; global_colors_info=&#8221;{%22gcid-7sauvy59-7n93-kzpb-hk6v-sop20l6og0pe%22:%91%22button_bg_color%22,%22button_border_color%22%93,%22gcid-qd02mvnl-rjfk-uaoz-e20p-192u5ftnybzm%22:%91%22button_text_color__hover%22,%22button_icon_color%22,%22button_text_color__hover%22,%22button_icon_color%22,%22button_text_color__hover%22,%22button_icon_color%22%93,%22gcid-157f576f-415f-4d64-bdc7-c64d33ccfd79%22:%91%22button_bg_color__hover%22,%22button_border_color__hover%22,%22button_bg_color__hover%22,%22button_border_color__hover%22,%22button_bg_color__hover%22,%22button_border_color__hover%22%93}&#8221; custom_days_label_text=&#8221;Dagar&#8221; custom_hours_label_text=&#8221;Timmar&#8221; custom_minutes_label_text=&#8221;Minuter&#8221; custom_seconds_label_text=&#8221;Sekunder&#8221;]<\/p>\n<p>SKYDD operates in line with the United Nations Sustainable Development Goals (Agenda 2030). Our sustainability work focuses in particular on: <\/p>\n<h3>Goal 5 \u2013 Gender equality<\/h3>\n<p>By promoting greater gender equality within the security industry, SKYDD contributes to Goal 5 of the United Nations Sustainable Development Goals (Agenda 2030). This involves creating an inclusive meeting place where diverse perspectives are represented and gender-balanced representation is encouraged. <\/p>\n<p>[\/et_pb_cta][\/et_pb_column][\/et_pb_row][et_pb_row column_structure=&#8221;1_2,1_2&#8243; _builder_version=&#8221;4.27.4&#8243; _module_preset=&#8221;4d06a7ca-0fe0-47a5-aa51-49c201704d65&#8243; global_colors_info=&#8221;%91%93&#8243; custom_days_label_text=&#8221;Dagar&#8221; custom_hours_label_text=&#8221;Timmar&#8221; custom_minutes_label_text=&#8221;Minuter&#8221; custom_seconds_label_text=&#8221;Sekunder&#8221;][et_pb_column type=&#8221;1_2&#8243; _builder_version=&#8221;4.23.4&#8243; _module_preset=&#8221;default&#8221; global_colors_info=&#8221;{}&#8221; custom_days_label_text=&#8221;Dagar&#8221; custom_hours_label_text=&#8221;Timmar&#8221; custom_minutes_label_text=&#8221;Minuter&#8221; custom_seconds_label_text=&#8221;Sekunder&#8221;][et_pb_cta title=&#8221;Stockholmsm\u00e4ssan&apos;s sustainability work&#8221; button_url=&#8221;https:\/\/stockholmsmassan.se\/en\/sustainability\/&#8221; url_new_window=&#8221;on&#8221; button_text=&#8221;Go to Stockholmsm\u00e4ssan&#8221; button_text_last_edited=&#8221;off|desktop&#8221; _builder_version=&#8221;4.27.5&#8243; _module_preset=&#8221;_initial&#8221; button_border_width=&#8221;0px&#8221; button_custom_padding_tablet=&#8221;&#8221; button_custom_padding_phone=&#8221;&#8221; button_custom_padding_last_edited=&#8221;on|desktop&#8221; link_option_url_new_window=&#8221;on&#8221; global_colors_info=&#8221;{%22gcid-7sauvy59-7n93-kzpb-hk6v-sop20l6og0pe%22:%91%22button_bg_color%22,%22button_border_color%22%93,%22gcid-qd02mvnl-rjfk-uaoz-e20p-192u5ftnybzm%22:%91%22button_text_color__hover%22,%22button_icon_color%22,%22button_text_color__hover%22,%22button_icon_color%22,%22button_text_color__hover%22,%22button_icon_color%22%93,%22gcid-157f576f-415f-4d64-bdc7-c64d33ccfd79%22:%91%22button_bg_color__hover%22,%22button_border_color__hover%22,%22button_bg_color__hover%22,%22button_border_color__hover%22,%22button_bg_color__hover%22,%22button_border_color__hover%22%93}&#8221; custom_days_label_text=&#8221;Dagar&#8221; custom_hours_label_text=&#8221;Timmar&#8221; custom_minutes_label_text=&#8221;Minuter&#8221; custom_seconds_label_text=&#8221;Sekunder&#8221;]<\/p>\n<p>Sustainability is about taking into account the needs of both current and future generations, and taking long-term responsibility in our daily activities. Stockholmsm\u00e4ssan&#8217;s sustainability work is based on three focus areas: Sustainable Community, Sustainable Environment and Sustainable Innovation. For more information on Stockholmsm\u00e4ssan\u2019s overarching sustainability strategy, please visit their sustainability page here.<\/p>\n<p>[\/et_pb_cta][\/et_pb_column][et_pb_column type=&#8221;1_2&#8243; _builder_version=&#8221;4.23.4&#8243; _module_preset=&#8221;default&#8221; global_colors_info=&#8221;{}&#8221; custom_days_label_text=&#8221;Dagar&#8221; custom_hours_label_text=&#8221;Timmar&#8221; custom_minutes_label_text=&#8221;Minuter&#8221; custom_seconds_label_text=&#8221;Sekunder&#8221;][et_pb_image src=&#8221;https:\/\/skydd.net\/wp-content\/uploads\/2026\/02\/Stockholmsmassan_1080x540.webp&#8221; alt=&#8221;Aerial view of Stockholmsm\u00e4ssan in \u00c4lvsj\u00f6 at sunset, with the exhibition halls, hotel and railway tracks in the foreground.&#8221; title_text=&#8221;Stockholmsmassan_1080x540&#8243; _builder_version=&#8221;4.27.5&#8243; _module_preset=&#8221;default&#8221; global_colors_info=&#8221;%91%93&#8243; custom_days_label_text=&#8221;Dagar&#8221; custom_hours_label_text=&#8221;Timmar&#8221; custom_minutes_label_text=&#8221;Minuter&#8221; custom_seconds_label_text=&#8221;Sekunder&#8221;][\/et_pb_image][\/et_pb_column][\/et_pb_row][\/et_pb_section][et_pb_section fb_built=&#8221;1&#8243; admin_label=&#8221;Video&#8221; _builder_version=&#8221;4.27.4&#8243; _module_preset=&#8221;_initial&#8221; background_enable_color=&#8221;off&#8221; locked=&#8221;off&#8221; global_colors_info=&#8221;{%22gcid-hnkm362j-crtw-m8j2-xpzq-gn3tj3h68iuz%22:%91%22background_color%22%93}&#8221; custom_days_label_text=&#8221;Dagar&#8221; custom_hours_label_text=&#8221;Timmar&#8221; custom_minutes_label_text=&#8221;Minuter&#8221; custom_seconds_label_text=&#8221;Sekunder&#8221;][et_pb_row _builder_version=&#8221;4.23.4&#8243; _module_preset=&#8221;default&#8221; global_colors_info=&#8221;{}&#8221; custom_days_label_text=&#8221;Dagar&#8221; custom_hours_label_text=&#8221;Timmar&#8221; custom_minutes_label_text=&#8221;Minuter&#8221; custom_seconds_label_text=&#8221;Sekunder&#8221;][et_pb_column type=&#8221;4_4&#8243; _builder_version=&#8221;4.23.4&#8243; _module_preset=&#8221;default&#8221; global_colors_info=&#8221;{}&#8221; custom_days_label_text=&#8221;Dagar&#8221; custom_hours_label_text=&#8221;Timmar&#8221; custom_minutes_label_text=&#8221;Minuter&#8221; custom_seconds_label_text=&#8221;Sekunder&#8221;][et_pb_video src=&#8221;https:\/\/www.youtube.com\/watch?v=LuK1gRnliw4&#8243; image_src=&#8221;\/\/i.ytimg.com\/vi\/LuK1gRnliw4\/hqdefault.jpg&#8221; module_class=&#8221;testimonial-name&#8221; _builder_version=&#8221;4.27.4&#8243; _module_preset=&#8221;default&#8221; custom_margin=&#8221;||8px||false|false&#8221; custom_padding=&#8221;|13px||13px|false|true&#8221; global_colors_info=&#8221;{}&#8221; text_font_size_phone=&#8221;20px&#8221; text_font_size_last_edited=&#8221;on|phone&#8221; text_font_size_tablet=&#8221;22px&#8221; custom_days_label_text=&#8221;Dagar&#8221; custom_hours_label_text=&#8221;Timmar&#8221; custom_minutes_label_text=&#8221;Minuter&#8221; custom_seconds_label_text=&#8221;Sekunder&#8221;][\/et_pb_video][\/et_pb_column][\/et_pb_row][\/et_pb_section][et_pb_section fb_built=&#8221;1&#8243; _builder_version=&#8221;4.27.5&#8243; _module_preset=&#8221;default&#8221; background_color=&#8221;gcid-pakb8aht-i5iv-ywfh-tbey-rejtmt2hf9pe&#8221; global_colors_info=&#8221;{%22gcid-pakb8aht-i5iv-ywfh-tbey-rejtmt2hf9pe%22:%91%22background_color%22%93}&#8221; custom_days_label_text=&#8221;Dagar&#8221; custom_hours_label_text=&#8221;Timmar&#8221; custom_minutes_label_text=&#8221;Minuter&#8221; custom_seconds_label_text=&#8221;Sekunder&#8221;][et_pb_row column_structure=&#8221;1_3,1_3,1_3&#8243; _builder_version=&#8221;4.27.5&#8243; _module_preset=&#8221;f9b766ed-ceef-4cd8-958d-5caeab6123e6&#8243; hover_enabled=&#8221;0&#8243; locked=&#8221;off&#8221; custom_days_label_text=&#8221;Dagar&#8221; custom_hours_label_text=&#8221;Timmar&#8221; custom_minutes_label_text=&#8221;Minuter&#8221; custom_seconds_label_text=&#8221;Sekunder&#8221; sticky_enabled=&#8221;0&#8243;][et_pb_column type=&#8221;1_3&#8243; _builder_version=&#8221;4.27.5&#8243; _dynamic_attributes=&#8221;link_option_url&#8221; _module_preset=&#8221;default&#8221; link_option_url=&#8221;@ET-DC@eyJkeW5hbWljIjp0cnVlLCJjb250ZW50IjoicG9zdF9saW5rX3VybF9wYWdlIiwic2V0dGluZ3MiOnsicG9zdF9pZCI6IjMzMTg3MzYiLCJlbmFibGVfaHRtbCI6Im9mZiJ9fQ==@&#8221; hover_enabled=&#8221;0&#8243; global_colors_info=&#8221;{}&#8221; custom_days_label_text=&#8221;Dagar&#8221; custom_hours_label_text=&#8221;Timmar&#8221; custom_minutes_label_text=&#8221;Minuter&#8221; custom_seconds_label_text=&#8221;Sekunder&#8221; sticky_enabled=&#8221;0&#8243;][et_pb_image src=&#8221;https:\/\/skydd.net\/wp-content\/uploads\/2026\/02\/Om-Skydd_DSC07615_1080x540.webp&#8221; alt=&#8221;Drone displayed at SKYDD with a police vehicle and exhibition stands in the background.&lt;br&gt;&#8221; title_text=&#8221;Om-Skydd_DSC07615_1080x540&#8243; force_fullwidth=&#8221;on&#8221; module_class=&#8221;puff-image&#8221; _builder_version=&#8221;4.27.5&#8243; _module_preset=&#8221;default&#8221; locked=&#8221;off&#8221; global_colors_info=&#8221;{}&#8221; custom_days_label_text=&#8221;Dagar&#8221; custom_hours_label_text=&#8221;Timmar&#8221; custom_minutes_label_text=&#8221;Minuter&#8221; custom_seconds_label_text=&#8221;Sekunder&#8221;][\/et_pb_image][et_pb_cta title=&#8221;About SKYDD&#8221; button_url=&#8221;@ET-DC@eyJkeW5hbWljIjp0cnVlLCJjb250ZW50IjoicG9zdF9saW5rX3VybF9wYWdlIiwic2V0dGluZ3MiOnsicG9zdF9pZCI6IjMzMTg3MzYiLCJlbmFibGVfaHRtbCI6Im9mZiJ9fQ==@&#8221; button_text=&#8221;About SKYDD&#8221; _builder_version=&#8221;4.27.5&#8243; _dynamic_attributes=&#8221;button_url&#8221; _module_preset=&#8221;e522eb66-87c3-4648-89dc-84da811024a7&#8243; locked=&#8221;off&#8221; global_colors_info=&#8221;{%22gcid-7sauvy59-7n93-kzpb-hk6v-sop20l6og0pe%22:%91%22button_border_color%22,%22button_bg_color%22%93,%22gcid-qd02mvnl-rjfk-uaoz-e20p-192u5ftnybzm%22:%91%22button_text_color__hover%22,%22button_icon_color__hover%22,%22button_icon_color%22,%22header_text_color%22,%22button_text_color%22%93,%22gcid-157f576f-415f-4d64-bdc7-c64d33ccfd79%22:%91%22button_bg_color__hover%22,%22button_border_color__hover%22%93,%22gcid-zqmeyyr1-ozjs-tdol-t9th-kdmdqxufunhr%22:%91%22button_bg_color%22,%22button_border_color%22,%22button_bg_color%22,%22button_border_color%22,%22button_bg_color%22,%22button_border_color%22,%22button_bg_color%22,%22button_border_color%22,%22button_border_color%22%93,%22gcid-8ctl9olw-qzl0-39sh-h9m4-2r68cuzkve1q%22:%91%22button_bg_color%22,%22button_bg_color%22,%22button_bg_color%22,%22button_bg_color%22%93,%22gcid-xe7ua1bg-8o1q-uq3m-f8ql-qk12tgltkuk4%22:%91%22button_bg_color__hover%22%93,%22gcid-b1vezamf-03sf-crky-v342-jj7uc24ewnda%22:%91%22button_text_color%22%93,%22gcid-m0fraqv3-qztm-9290-df11-7p07yu2mtcg6%22:%91%22button_text_color__hover%22%93}&#8221; custom_days_label_text=&#8221;Dagar&#8221; custom_hours_label_text=&#8221;Timmar&#8221; custom_minutes_label_text=&#8221;Minuter&#8221; custom_seconds_label_text=&#8221;Sekunder&#8221;]<\/p>\n<p>Read more about SKYDD and how the exhibition brings the industry together to share knowledge, generate business and support industry development<\/p>\n<p>[\/et_pb_cta][\/et_pb_column][et_pb_column type=&#8221;1_3&#8243; _builder_version=&#8221;4.27.5&#8243; _dynamic_attributes=&#8221;link_option_url&#8221; _module_preset=&#8221;default&#8221; link_option_url=&#8221;@ET-DC@eyJkeW5hbWljIjp0cnVlLCJjb250ZW50IjoicG9zdF9saW5rX3VybF9wYWdlIiwic2V0dGluZ3MiOnsicG9zdF9pZCI6IjMzMTI1NDAiLCJlbmFibGVfaHRtbCI6Im9mZiJ9fQ==@&#8221; hover_enabled=&#8221;0&#8243; global_colors_info=&#8221;{}&#8221; custom_days_label_text=&#8221;Dagar&#8221; custom_hours_label_text=&#8221;Timmar&#8221; custom_minutes_label_text=&#8221;Minuter&#8221; custom_seconds_label_text=&#8221;Sekunder&#8221; sticky_enabled=&#8221;0&#8243;][et_pb_image src=&#8221;https:\/\/skydd.net\/wp-content\/uploads\/2026\/02\/Kontakta-oss_iStock-938430346_1080x540.webp&#8221; alt=&#8221;Close-up from behind of a team member wearing a headset at a computer workstation.&#8221; title_text=&#8221;Kontakta oss_iStock-938430346_1080x540&#8243; force_fullwidth=&#8221;on&#8221; module_class=&#8221;puff-image&#8221; _builder_version=&#8221;4.27.5&#8243; _module_preset=&#8221;default&#8221; locked=&#8221;off&#8221; global_colors_info=&#8221;{}&#8221; custom_days_label_text=&#8221;Dagar&#8221; custom_hours_label_text=&#8221;Timmar&#8221; custom_minutes_label_text=&#8221;Minuter&#8221; custom_seconds_label_text=&#8221;Sekunder&#8221;][\/et_pb_image][et_pb_cta title=&#8221;Contact us&#8221; button_url=&#8221;@ET-DC@eyJkeW5hbWljIjp0cnVlLCJjb250ZW50IjoicG9zdF9saW5rX3VybF9wYWdlIiwic2V0dGluZ3MiOnsicG9zdF9pZCI6IjMzMTI1NDAiLCJlbmFibGVfaHRtbCI6Im9mZiJ9fQ==@&#8221; button_text=&#8221;Contact us&#8221; _builder_version=&#8221;4.27.5&#8243; _dynamic_attributes=&#8221;button_url&#8221; _module_preset=&#8221;e522eb66-87c3-4648-89dc-84da811024a7&#8243; locked=&#8221;off&#8221; global_colors_info=&#8221;{%22gcid-7sauvy59-7n93-kzpb-hk6v-sop20l6og0pe%22:%91%22button_border_color%22,%22button_bg_color%22%93,%22gcid-qd02mvnl-rjfk-uaoz-e20p-192u5ftnybzm%22:%91%22button_text_color__hover%22,%22button_icon_color__hover%22,%22button_icon_color%22,%22header_text_color%22,%22button_text_color%22%93,%22gcid-157f576f-415f-4d64-bdc7-c64d33ccfd79%22:%91%22button_bg_color__hover%22,%22button_border_color__hover%22%93,%22gcid-zqmeyyr1-ozjs-tdol-t9th-kdmdqxufunhr%22:%91%22button_bg_color%22,%22button_border_color%22,%22button_bg_color%22,%22button_border_color%22,%22button_bg_color%22,%22button_border_color%22,%22button_bg_color%22,%22button_border_color%22,%22button_border_color%22%93,%22gcid-8ctl9olw-qzl0-39sh-h9m4-2r68cuzkve1q%22:%91%22button_bg_color%22,%22button_bg_color%22,%22button_bg_color%22,%22button_bg_color%22%93,%22gcid-xe7ua1bg-8o1q-uq3m-f8ql-qk12tgltkuk4%22:%91%22button_bg_color__hover%22%93,%22gcid-b1vezamf-03sf-crky-v342-jj7uc24ewnda%22:%91%22button_text_color%22%93,%22gcid-m0fraqv3-qztm-9290-df11-7p07yu2mtcg6%22:%91%22button_text_color__hover%22%93}&#8221; custom_days_label_text=&#8221;Dagar&#8221; custom_hours_label_text=&#8221;Timmar&#8221; custom_minutes_label_text=&#8221;Minuter&#8221; custom_seconds_label_text=&#8221;Sekunder&#8221;]<\/p>\n<p>Have questions about SKYDD? Here you will find contact details for visitors, exhibitors and partners.<\/p>\n<p>[\/et_pb_cta][\/et_pb_column][et_pb_column type=&#8221;1_3&#8243; _builder_version=&#8221;4.27.5&#8243; _dynamic_attributes=&#8221;link_option_url&#8221; _module_preset=&#8221;default&#8221; link_option_url=&#8221;@ET-DC@eyJkeW5hbWljIjp0cnVlLCJjb250ZW50IjoicG9zdF9saW5rX3VybF9wYWdlIiwic2V0dGluZ3MiOnsicG9zdF9pZCI6IjMzMTI1MjMiLCJlbmFibGVfaHRtbCI6Im9mZiJ9fQ==@&#8221; hover_enabled=&#8221;0&#8243; global_colors_info=&#8221;{}&#8221; custom_days_label_text=&#8221;Dagar&#8221; custom_hours_label_text=&#8221;Timmar&#8221; custom_minutes_label_text=&#8221;Minuter&#8221; custom_seconds_label_text=&#8221;Sekunder&#8221; sticky_enabled=&#8221;0&#8243;][et_pb_image src=&#8221;https:\/\/skydd.net\/wp-content\/uploads\/2026\/02\/Press_8F4A8867_1080x540.webp&#8221; alt=&#8221;Visitors filming a speaker on stage during an event at Stockholmsm\u00e4ssan.&#8221; title_text=&#8221;Press_8F4A8867_1080x540&#8243; force_fullwidth=&#8221;on&#8221; module_class=&#8221;puff-image&#8221; _builder_version=&#8221;4.27.5&#8243; _module_preset=&#8221;default&#8221; locked=&#8221;off&#8221; global_colors_info=&#8221;{}&#8221; custom_days_label_text=&#8221;Dagar&#8221; custom_hours_label_text=&#8221;Timmar&#8221; custom_minutes_label_text=&#8221;Minuter&#8221; custom_seconds_label_text=&#8221;Sekunder&#8221;][\/et_pb_image][et_pb_cta title=&#8221;Press&#8221; button_url=&#8221;@ET-DC@eyJkeW5hbWljIjp0cnVlLCJjb250ZW50IjoicG9zdF9saW5rX3VybF9wYWdlIiwic2V0dGluZ3MiOnsicG9zdF9pZCI6IjMzMTI1MjMiLCJlbmFibGVfaHRtbCI6Im9mZiJ9fQ==@&#8221; button_text=&#8221;Go to the press room&#8221; _builder_version=&#8221;4.27.5&#8243; _dynamic_attributes=&#8221;button_url&#8221; _module_preset=&#8221;e522eb66-87c3-4648-89dc-84da811024a7&#8243; locked=&#8221;off&#8221; global_colors_info=&#8221;{%22gcid-7sauvy59-7n93-kzpb-hk6v-sop20l6og0pe%22:%91%22button_border_color%22,%22button_bg_color%22%93,%22gcid-qd02mvnl-rjfk-uaoz-e20p-192u5ftnybzm%22:%91%22button_text_color__hover%22,%22button_icon_color__hover%22,%22button_icon_color%22,%22header_text_color%22,%22button_text_color%22%93,%22gcid-157f576f-415f-4d64-bdc7-c64d33ccfd79%22:%91%22button_bg_color__hover%22,%22button_border_color__hover%22%93,%22gcid-zqmeyyr1-ozjs-tdol-t9th-kdmdqxufunhr%22:%91%22button_bg_color%22,%22button_border_color%22,%22button_bg_color%22,%22button_border_color%22,%22button_bg_color%22,%22button_border_color%22,%22button_bg_color%22,%22button_border_color%22,%22button_border_color%22%93,%22gcid-8ctl9olw-qzl0-39sh-h9m4-2r68cuzkve1q%22:%91%22button_bg_color%22,%22button_bg_color%22,%22button_bg_color%22,%22button_bg_color%22%93,%22gcid-xe7ua1bg-8o1q-uq3m-f8ql-qk12tgltkuk4%22:%91%22button_bg_color__hover%22%93,%22gcid-b1vezamf-03sf-crky-v342-jj7uc24ewnda%22:%91%22button_text_color%22%93,%22gcid-m0fraqv3-qztm-9290-df11-7p07yu2mtcg6%22:%91%22button_text_color__hover%22%93}&#8221; custom_days_label_text=&#8221;Dagar&#8221; custom_hours_label_text=&#8221;Timmar&#8221; custom_minutes_label_text=&#8221;Minuter&#8221; custom_seconds_label_text=&#8221;Sekunder&#8221;]<\/p>\n<p>Here you will find press releases, logos and information on how to apply for press accreditation. <\/p>\n<p>[\/et_pb_cta][\/et_pb_column][\/et_pb_row][\/et_pb_section]<\/p>\n","protected":false},"excerpt":{"rendered":"<p>Sustainability as part of SKYDDSustainability is an integral part of how SKYDD is planned and delivered. As the Nordic region\u2019s leading security trade fair, we have the opportunity to make [&hellip;]<\/p>\n","protected":false},"author":1,"featured_media":3335953,"parent":3327217,"menu_order":0,"comment_status":"closed","ping_status":"closed","template":"","meta":{"_et_pb_use_builder":"on","_et_pb_old_content":"","_et_gb_content_width":"","footnotes":""},"hf_cat_page":[],"class_list":["post-3327086","page","type-page","status-publish","has-post-thumbnail","hentry"],"_links":{"self":[{"href":"https:\/\/skydd.net\/en\/wp-json\/wp\/v2\/pages\/3327086","targetHints":{"allow":["GET"]}}],"collection":[{"href":"https:\/\/skydd.net\/en\/wp-json\/wp\/v2\/pages"}],"about":[{"href":"https:\/\/skydd.net\/en\/wp-json\/wp\/v2\/types\/page"}],"author":[{"embeddable":true,"href":"https:\/\/skydd.net\/en\/wp-json\/wp\/v2\/users\/1"}],"replies":[{"embeddable":true,"href":"https:\/\/skydd.net\/en\/wp-json\/wp\/v2\/comments?post=3327086"}],"version-history":[{"count":5,"href":"https:\/\/skydd.net\/en\/wp-json\/wp\/v2\/pages\/3327086\/revisions"}],"predecessor-version":[{"id":3336808,"href":"https:\/\/skydd.net\/en\/wp-json\/wp\/v2\/pages\/3327086\/revisions\/3336808"}],"up":[{"embeddable":true,"href":"https:\/\/skydd.net\/en\/wp-json\/wp\/v2\/pages\/3327217"}],"wp:featuredmedia":[{"embeddable":true,"href":"https:\/\/skydd.net\/en\/wp-json\/wp\/v2\/media\/3335953"}],"wp:attachment":[{"href":"https:\/\/skydd.net\/en\/wp-json\/wp\/v2\/media?parent=3327086"}],"wp:term":[{"taxonomy":"hf_cat_page","embeddable":true,"href":"https:\/\/skydd.net\/en\/wp-json\/wp\/v2\/hf_cat_page?post=3327086"}],"curies":[{"name":"wp","href":"https:\/\/api.w.org\/{rel}","templated":true}]}}